{"id":76,"date":"2019-06-20T10:44:14","date_gmt":"2019-06-20T09:44:14","guid":{"rendered":"http:\/\/dodirsvile.co.rs\/?page_id=76"},"modified":"2019-06-25T11:21:51","modified_gmt":"2019-06-25T10:21:51","slug":"onama","status":"publish","type":"page","link":"https:\/\/dodirsvile.co.rs\/","title":{"rendered":"O nama"},"content":{"rendered":"\n<ul class=\"wp-block-gallery columns-3 is-cropped wp-block-gallery-1 is-layout-flex\"><li class=\"blocks-gallery-item\"><figure><img decoding=\"async\" loading=\"lazy\" width=\"1024\" height=\"768\" src=\"http:\/\/dodirsvile.co.rs\/wp-content\/uploads\/2019\/06\/Slika1-1-1024x768.jpg\" alt=\"\" data-id=\"131\" data-link=\"http:\/\/dodirsvile.co.rs\/onama\/slika1-1\/\" class=\"wp-image-131\" srcset=\"https:\/\/dodirsvile.co.rs\/wp-content\/uploads\/2019\/06\/Slika1-1-1024x768.jpg 1024w, https:\/\/dodirsvile.co.rs\/wp-content\/uploads\/2019\/06\/Slika1-1-300x225.jpg 300w, https:\/\/dodirsvile.co.rs\/wp-content\/uploads\/2019\/06\/Slika1-1-768x576.jpg 768w, https:\/\/dodirsvile.co.rs\/wp-content\/uploads\/2019\/06\/Slika1-1-80x60.jpg 80w, https:\/\/dodirsvile.co.rs\/wp-content\/uploads\/2019\/06\/Slika1-1.jpg 1280w\" sizes=\"(max-width: 1024px) 100vw, 1024px\" \/><\/figure><\/li><li class=\"blocks-gallery-item\"><figure><img decoding=\"async\" loading=\"lazy\" width=\"1024\" height=\"768\" src=\"http:\/\/dodirsvile.co.rs\/wp-content\/uploads\/2019\/06\/Slika2-1024x768.jpg\" alt=\"\" data-id=\"132\" data-link=\"http:\/\/dodirsvile.co.rs\/onama\/slika2\/\" class=\"wp-image-132\" srcset=\"https:\/\/dodirsvile.co.rs\/wp-content\/uploads\/2019\/06\/Slika2-1024x768.jpg 1024w, https:\/\/dodirsvile.co.rs\/wp-content\/uploads\/2019\/06\/Slika2-300x225.jpg 300w, https:\/\/dodirsvile.co.rs\/wp-content\/uploads\/2019\/06\/Slika2-768x576.jpg 768w, https:\/\/dodirsvile.co.rs\/wp-content\/uploads\/2019\/06\/Slika2-80x60.jpg 80w, https:\/\/dodirsvile.co.rs\/wp-content\/uploads\/2019\/06\/Slika2.jpg 1280w\" sizes=\"(max-width: 1024px) 100vw, 1024px\" \/><\/figure><\/li><li class=\"blocks-gallery-item\"><figure><img decoding=\"async\" loading=\"lazy\" width=\"1024\" height=\"768\" src=\"http:\/\/dodirsvile.co.rs\/wp-content\/uploads\/2019\/06\/Slika3-1024x768.jpg\" alt=\"\" data-id=\"133\" data-link=\"http:\/\/dodirsvile.co.rs\/onama\/slika3\/\" class=\"wp-image-133\" srcset=\"https:\/\/dodirsvile.co.rs\/wp-content\/uploads\/2019\/06\/Slika3-1024x768.jpg 1024w, https:\/\/dodirsvile.co.rs\/wp-content\/uploads\/2019\/06\/Slika3-300x225.jpg 300w, https:\/\/dodirsvile.co.rs\/wp-content\/uploads\/2019\/06\/Slika3-768x576.jpg 768w, https:\/\/dodirsvile.co.rs\/wp-content\/uploads\/2019\/06\/Slika3-80x60.jpg 80w, https:\/\/dodirsvile.co.rs\/wp-content\/uploads\/2019\/06\/Slika3.jpg 1280w\" sizes=\"(max-width: 1024px) 100vw, 1024px\" \/><\/figure><\/li><\/ul>\n\n\n\n<blockquote class=\"wp-block-quote\"><p>  Salon Dodir svile nalazi se u mirnom delu Zemuna, u naselju Zemunske kapije. Enterijer salona je moderno dizajniran i pleni toplinom koja omogu\u0107ava opu\u0161tanje i odmor klijenata. Gordana, Goca, Filipovi\u0107 vi\u0161i esteti\u010dar-kozmeti\u010dar se bavi ovim poslom vi\u0161e od 15 godina, \u0161to Vam garantuje vrhunsku i profesionalnu uslugu. Na\u0161 cilj je zdrava i negovana ko\u017ea, relaksirano telo i zadovoljan klijent. \u017delimo da se ose\u0107ate sigrno i opu\u0161teno i da u prijatnom ambijentu salona, zajedno sa nama u\u017eivate u raznovrsnim tretmanima i njihovim efektima. Sara\u0111ujemo sa visokopozicioniranim doma\u0107im i stranim brendovima kada su u pitanju preparati i ku\u0107na nega. <\/p><\/blockquote>\n","protected":false},"excerpt":{"rendered":"<p>Salon Dodir svile nalazi se u mirnom delu Zemuna, u naselju Zemunske kapije. Enterijer salona je moderno dizajniran i pleni toplinom koja omogu\u0107ava opu\u0161tanje i odmor klijenata. Gordana, Goca, Filipovi\u0107 vi\u0161i esteti\u010dar-kozmeti\u010dar se bavi ovim poslom vi\u0161e od 15 godina, &hellip; <\/p>\n","protected":false},"author":1,"featured_media":0,"parent":0,"menu_order":1,"comment_status":"closed","ping_status":"closed","template":"","meta":[],"_links":{"self":[{"href":"https:\/\/dodirsvile.co.rs\/index.php?rest_route=\/wp\/v2\/pages\/76"}],"collection":[{"href":"https:\/\/dodirsvile.co.rs\/index.php?rest_route=\/wp\/v2\/pages"}],"about":[{"href":"https:\/\/dodirsvile.co.rs\/index.php?rest_route=\/wp\/v2\/types\/page"}],"author":[{"embeddable":true,"href":"https:\/\/dodirsvile.co.rs\/index.php?rest_route=\/wp\/v2\/users\/1"}],"replies":[{"embeddable":true,"href":"https:\/\/dodirsvile.co.rs\/index.php?rest_route=%2Fwp%2Fv2%2Fcomments&post=76"}],"version-history":[{"count":31,"href":"https:\/\/dodirsvile.co.rs\/index.php?rest_route=\/wp\/v2\/pages\/76\/revisions"}],"predecessor-version":[{"id":294,"href":"https:\/\/dodirsvile.co.rs\/index.php?rest_route=\/wp\/v2\/pages\/76\/revisions\/294"}],"wp:attachment":[{"href":"https:\/\/dodirsvile.co.rs\/index.php?rest_route=%2Fwp%2Fv2%2Fmedia&parent=76"}],"curies":[{"name":"wp","href":"https:\/\/api.w.org\/{rel}","templated":true}]}}